{"id":13,"date":"2016-11-07T10:03:51","date_gmt":"2016-11-07T10:03:51","guid":{"rendered":"http:\/\/petralangeberndt.de\/?page_id=13"},"modified":"2018-09-21T16:09:20","modified_gmt":"2018-09-21T16:09:20","slug":"links","status":"publish","type":"page","link":"https:\/\/petralangeberndt.de\/en\/links\/","title":{"rendered":"Links"},"content":{"rendered":"<div class=\"space_40 clearfix\"><\/div>\n<p><a href=\"https:\/\/www.kultur.uni-hamburg.de\/ks\/einrichtungen\/materialarchiv.html\">Aktive Archive: Material<\/a>, Kunstgeschichtliches Seminar, Universit\u00e4t Hamburg<\/p>\n<p><a href=\"https:\/\/www.kultur.uni-hamburg.de\/ks\/einrichtungen\/ddr-archiv2.html\">Aktive Archive: DDR<\/a>,\u00a0Kunstgeschichtliches Seminar, Universit\u00e4t Hamburg<\/p>\n<p><a href=\"https:\/\/ro.uow.edu.au\/ccs\/\">Counterculture Studies<\/a><\/p>\n<p><a href=\"http:\/\/curiousmatters.de\">Curious Matters<\/a>, Hamburg<\/p>\n<p><a href=\"https:\/\/www.inversionen.net\">Inversionen<\/a>, Warburg-Haus, Hamburg<\/p>\n<p class=\"western\" style=\"text-align: left;\"><a href=\"https:\/\/www.museumfuernaturkunde.berlin\">Museum f\u00fcr Naturkunde<\/a>, Berlin<\/p>\n<p class=\"western\" style=\"text-align: left;\"><a href=\"https:\/\/neofelis-verlag.de\/verlagsprogramm\/zeitschriften\/tierstudien\/\">Tierstudien<\/a><\/p>\n<p class=\"western\" style=\"text-align: left;\">Zentrum f\u00fcr Weiterbildung, Universit\u00e4t Hamburg:\u00a0<a href=\"https:\/\/www.zfw.uni-hamburg.de\/weiterbildung\/sprache-kunst-kultur\/kuratieren.html\">Kuratieren<\/a><\/p>\n<p class=\"western\" style=\"text-align: left;\">Zentrum f\u00fcr Weiterbildung, Universit\u00e4t Hamburg:\u00a0<a href=\"https:\/\/www.zfw.uni-hamburg.de\/zfw\/aktuelle-meldungen\/180524-kunst.html\">Zeitgen\u00f6ssische Kunst<\/a><\/p>","protected":false},"excerpt":{"rendered":"<p>Aktive Archive: Material, Kunstgeschichtliches Seminar, Universit\u00e4t Hamburg Aktive Archive: DDR,\u00a0Kunstgeschichtliches Seminar, Universit\u00e4t Hamburg Counterculture Studies Curious Matters, Hamburg Inversionen, Warburg-Haus, Hamburg Museum f\u00fcr Naturkunde, Berlin Tierstudien Zentrum f\u00fcr Weiterbildung, Universit\u00e4t Hamburg:\u00a0Kuratieren Zentrum f\u00fcr Weiterbildung, Universit\u00e4t Hamburg:\u00a0Zeitgen\u00f6ssische Kunst<\/p>\n","protected":false},"author":1,"featured_media":0,"parent":0,"menu_order":0,"comment_status":"closed","ping_status":"closed","template":"","meta":{"kt_blocks_editor_width":""},"_links":{"self":[{"href":"https:\/\/petralangeberndt.de\/en\/wp-json\/wp\/v2\/pages\/13"}],"collection":[{"href":"https:\/\/petralangeberndt.de\/en\/wp-json\/wp\/v2\/pages"}],"about":[{"href":"https:\/\/petralangeberndt.de\/en\/wp-json\/wp\/v2\/types\/page"}],"author":[{"embeddable":true,"href":"https:\/\/petralangeberndt.de\/en\/wp-json\/wp\/v2\/users\/1"}],"replies":[{"embeddable":true,"href":"https:\/\/petralangeberndt.de\/en\/wp-json\/wp\/v2\/comments?post=13"}],"version-history":[{"count":10,"href":"https:\/\/petralangeberndt.de\/en\/wp-json\/wp\/v2\/pages\/13\/revisions"}],"predecessor-version":[{"id":559,"href":"https:\/\/petralangeberndt.de\/en\/wp-json\/wp\/v2\/pages\/13\/revisions\/559"}],"wp:attachment":[{"href":"https:\/\/petralangeberndt.de\/en\/wp-json\/wp\/v2\/media?parent=13"}],"curies":[{"name":"wp","href":"https:\/\/api.w.org\/{rel}","templated":true}]}}